{"id":104,"date":"2023-10-05T12:08:04","date_gmt":"2023-10-05T12:08:04","guid":{"rendered":"https:\/\/bitcoin-future.exchange\/?page_id=104"},"modified":"2025-05-30T10:51:27","modified_gmt":"2025-05-30T10:51:27","slug":"datenschutzrichtlinie","status":"publish","type":"page","link":"https:\/\/bitcoin-future.exchange\/de_ch\/privacy-policy\/","title":{"rendered":"Datenschutzrichtlinie"},"content":{"rendered":"<div data-elementor-type=\"wp-page\" data-elementor-id=\"104\" class=\"elementor elementor-104\" data-elementor-post-type=\"page\">\n\t\t\t\t<div class=\"elementor-element elementor-element-a2981a7 e-flex e-con-boxed e-con e-parent\" data-id=\"a2981a7\" data-element_type=\"container\" data-e-type=\"container\" data-settings=\"{&quot;background_background&quot;:&quot;classic&quot;}\">\n\t\t\t\t\t<div class=\"e-con-inner\">\n\t\t\t\t<div class=\"elementor-element elementor-element-05127b5 elementor-widget elementor-widget-heading\" data-id=\"05127b5\" data-element_type=\"widget\" data-e-type=\"widget\" data-widget_type=\"heading.default\">\n\t\t\t\t\t<h1 class=\"elementor-heading-title elementor-size-default\">DATENSCHUTZ <span style=\"color:#4f9a45\"> POLITIK<\/h1>\t\t\t\t<\/div>\n\t\t\t\t\t<\/div>\n\t\t\t\t<\/div>\n\t\t<div class=\"elementor-element elementor-element-1c59b53 e-flex e-con-boxed e-con e-parent\" data-id=\"1c59b53\" data-element_type=\"container\" data-e-type=\"container\" data-settings=\"{&quot;background_background&quot;:&quot;classic&quot;}\">\n\t\t\t\t\t<div class=\"e-con-inner\">\n\t\t\t\t<div class=\"elementor-element elementor-element-fcf5bfe elementor-widget elementor-widget-text-editor\" data-id=\"fcf5bfe\" data-element_type=\"widget\" data-e-type=\"widget\" data-widget_type=\"text-editor.default\">\n\t\t\t\t\t\t\t\t\t<p><strong>Bitcoin Future<\/strong> betreibt die <a style=\"color: #4f9a45;\" href=\"https:\/\/bitcoin-future.exchange\/de_ch\/\">https:\/\/bitcoin-future.exchange <\/a>Website, die den SERVICE bereitstellt.<\/p><p>Diese Seite dient dazu, Website-Besucher \u00fcber unsere Richtlinien zur Erhebung, Verwendung und Offenlegung personenbezogener Daten zu informieren, wenn sich jemand f\u00fcr die Nutzung unseres Dienstes entscheidet. <strong>Bitcoin Future<\/strong> Webseite.<\/p><p>Wenn Sie unseren Service nutzen, stimmen Sie der Erfassung und Verwendung von Informationen im Zusammenhang mit dieser Richtlinie zu. Die von uns erfassten personenbezogenen Daten werden zur Bereitstellung und Verbesserung des Service verwendet. Wir werden Ihre Daten weder verwenden noch an Dritte weitergeben, au\u00dfer wie in dieser Datenschutzrichtlinie beschrieben.<\/p><p>Die in dieser Datenschutzrichtlinie verwendeten Begriffe haben die gleiche Bedeutung wie in unseren Allgemeinen Gesch\u00e4ftsbedingungen, die unter folgender Adresse zug\u00e4nglich sind:\u00a0<a style=\"color: #4f9a45;\" href=\"https:\/\/bitcoin-future.exchange\/de_ch\/\">https:\/\/bitcoin-future.exchange<\/a>\u00a0sofern in dieser Datenschutzrichtlinie nichts anderes definiert ist.<\/p>\t\t\t\t\t\t\t\t<\/div>\n\t\t\t\t<div class=\"elementor-element elementor-element-07de69d elementor-widget elementor-widget-heading\" data-id=\"07de69d\" data-element_type=\"widget\" data-e-type=\"widget\" data-widget_type=\"heading.default\">\n\t\t\t\t\t<h2 class=\"elementor-heading-title elementor-size-default\">Information <span style=\"color:#4f9a45\"> Wir sammeln\n<\/h2>\t\t\t\t<\/div>\n\t\t\t\t<div class=\"elementor-element elementor-element-eed9743 elementor-widget elementor-widget-text-editor\" data-id=\"eed9743\" data-element_type=\"widget\" data-e-type=\"widget\" data-widget_type=\"text-editor.default\">\n\t\t\t\t\t\t\t\t\t<p>Die pers\u00f6nlichen Daten, die Sie angeben m\u00fcssen, und die Gr\u00fcnde, warum Sie dazu aufgefordert werden, werden Ihnen zum Zeitpunkt der Aufforderung zur Angabe Ihrer pers\u00f6nlichen Daten klar mitgeteilt. Wenn Sie uns direkt kontaktieren, erhalten wir m\u00f6glicherweise zus\u00e4tzliche Informationen \u00fcber Sie, wie Ihren Namen, Ihre E-Mail-Adresse, Ihre Telefonnummer, den Inhalt der Nachricht und\/oder Anh\u00e4nge, die Sie uns senden, und alle anderen Informationen, die Sie uns m\u00f6glicherweise zur Verf\u00fcgung stellen. Wenn Sie sich f\u00fcr ein Konto registrieren, fragen wir Sie m\u00f6glicherweise nach Ihren Kontaktinformationen, einschlie\u00dflich Angaben wie Name, Firmenname, Adresse, E-Mail-Adresse und Telefonnummer.<\/p>\t\t\t\t\t\t\t\t<\/div>\n\t\t\t\t<div class=\"elementor-element elementor-element-ea3a510 elementor-widget elementor-widget-heading\" data-id=\"ea3a510\" data-element_type=\"widget\" data-e-type=\"widget\" data-widget_type=\"heading.default\">\n\t\t\t\t\t<h2 class=\"elementor-heading-title elementor-size-default\">Informationen Colle<span style=\"color:#4f9a45\">Aktion und Verwendung<\/h2>\t\t\t\t<\/div>\n\t\t\t\t<div class=\"elementor-element elementor-element-91d122d elementor-widget elementor-widget-text-editor\" data-id=\"91d122d\" data-element_type=\"widget\" data-e-type=\"widget\" data-widget_type=\"text-editor.default\">\n\t\t\t\t\t\t\t\t\t<p>Damit Sie unseren Service besser nutzen k\u00f6nnen, m\u00fcssen Sie uns m\u00f6glicherweise bestimmte personenbezogene Daten mitteilen, darunter Ihren Namen, Ihre E-Mail-Adresse, Telefonnummer und Postanschrift. Die von uns gesammelten Informationen werden verwendet, um Sie zu kontaktieren oder zu identifizieren.<\/p>\t\t\t\t\t\t\t\t<\/div>\n\t\t\t\t<div class=\"elementor-element elementor-element-acceba7 elementor-widget elementor-widget-heading\" data-id=\"acceba7\" data-element_type=\"widget\" data-e-type=\"widget\" data-widget_type=\"heading.default\">\n\t\t\t\t\t<h2 class=\"elementor-heading-title elementor-size-default\">Protokoll <span style=\"color:#4f9a45\"> Daten<\/h2>\t\t\t\t<\/div>\n\t\t\t\t<div class=\"elementor-element elementor-element-9d3aa34 elementor-widget elementor-widget-text-editor\" data-id=\"9d3aa34\" data-element_type=\"widget\" data-e-type=\"widget\" data-widget_type=\"text-editor.default\">\n\t\t\t\t\t\t\t\t\t<p>Wir m\u00f6chten Sie dar\u00fcber informieren, dass wir bei jedem Besuch unseres Dienstes Informationen sammeln, die Ihr Browser an uns sendet und die als Protokolldaten bezeichnet werden. Diese Protokolldaten k\u00f6nnen Informationen wie die Internetprotokolladresse (\u201eIP\u201c) Ihres Computers, die Browserversion, die von Ihnen besuchten Seiten unseres Dienstes, die Uhrzeit und das Datum Ihres Besuchs, die auf diesen Seiten verbrachte Zeit und andere Statistiken enthalten.<\/p>\t\t\t\t\t\t\t\t<\/div>\n\t\t\t\t<div class=\"elementor-element elementor-element-6db230b elementor-widget elementor-widget-heading\" data-id=\"6db230b\" data-element_type=\"widget\" data-e-type=\"widget\" data-widget_type=\"heading.default\">\n\t\t\t\t\t<h2 class=\"elementor-heading-title elementor-size-default\">Gurren<span style=\"color:#4f9a45\">kies<\/h2>\t\t\t\t<\/div>\n\t\t\t\t<div class=\"elementor-element elementor-element-d962905 elementor-widget elementor-widget-text-editor\" data-id=\"d962905\" data-element_type=\"widget\" data-e-type=\"widget\" data-widget_type=\"text-editor.default\">\n\t\t\t\t\t\t\t\t\t<p>Cookies sind Dateien mit kleinen Datenmengen, die \u00fcblicherweise als anonyme, eindeutige Kennung verwendet werden. Diese werden von der von Ihnen besuchten Website an Ihren Browser gesendet und auf der Festplatte Ihres Computers gespeichert.<\/p><p>Unsere Website verwendet diese \u201eCookies\u201c, um Informationen zu sammeln und unseren Service zu verbessern. Sie haben die M\u00f6glichkeit, diese Cookies entweder zu akzeptieren oder abzulehnen und zu erfahren, wann ein Cookie an Ihren Computer gesendet wird. Wenn Sie unsere Cookies ablehnen, k\u00f6nnen Sie nicht nutzen <strong>Bitcoin Future<\/strong>\u00a0 und Sie k\u00f6nnen m\u00f6glicherweise einige Teile unseres Dienstes nicht nutzen.<\/p>\t\t\t\t\t\t\t\t<\/div>\n\t\t\t\t<div class=\"elementor-element elementor-element-16fe0f4 elementor-widget elementor-widget-heading\" data-id=\"16fe0f4\" data-element_type=\"widget\" data-e-type=\"widget\" data-widget_type=\"heading.default\">\n\t\t\t\t\t<h2 class=\"elementor-heading-title elementor-size-default\">Service <span style=\"color:#4f9a45\"> Anbieter<\/h2>\t\t\t\t<\/div>\n\t\t\t\t<div class=\"elementor-element elementor-element-de37c02 elementor-widget elementor-widget-text-editor\" data-id=\"de37c02\" data-element_type=\"widget\" data-e-type=\"widget\" data-widget_type=\"text-editor.default\">\n\t\t\t\t\t\t\t\t\t<p>Wir beauftragen Drittunternehmen aus folgenden Gr\u00fcnden:<\/p><ul><li>So erstellen Sie die Konten, die Sie verwenden m\u00f6chten mit\u00a0 <strong>Bitcoin Future<\/strong>\u00a0;<\/li><li>Um den Dienst in unserem Namen bereitzustellen;<\/li><li>Um Service-bezogene Dienstleistungen zu erbringen; oder<\/li><li>Um uns bei der Analyse der Nutzung unseres Dienstes zu unterst\u00fctzen.<\/li><\/ul><p>Wir m\u00f6chten die Nutzer unseres Dienstes dar\u00fcber informieren, dass diese Drittparteien Zugriff auf Ihre personenbezogenen Daten haben. Der Grund hierf\u00fcr ist, dass sie die ihnen zugewiesenen Aufgaben in unserem Namen ausf\u00fchren. Sie sind jedoch verpflichtet, die Informationen nicht offenzulegen oder f\u00fcr andere Zwecke zu verwenden.<\/p>\t\t\t\t\t\t\t\t<\/div>\n\t\t\t\t<div class=\"elementor-element elementor-element-5db5132 elementor-widget elementor-widget-heading\" data-id=\"5db5132\" data-element_type=\"widget\" data-e-type=\"widget\" data-widget_type=\"heading.default\">\n\t\t\t\t\t<h2 class=\"elementor-heading-title elementor-size-default\">Sek<span style=\"color:#4f9a45\">Sicherheit<\/h2>\t\t\t\t<\/div>\n\t\t\t\t<div class=\"elementor-element elementor-element-5f56c7b elementor-widget elementor-widget-text-editor\" data-id=\"5f56c7b\" data-element_type=\"widget\" data-e-type=\"widget\" data-widget_type=\"text-editor.default\">\n\t\t\t\t\t\t\t\t\t<p>Wir sch\u00e4tzen Ihr Vertrauen, das Sie uns bei der Bereitstellung Ihrer pers\u00f6nlichen Daten entgegenbringen, und bem\u00fchen uns daher, diese mit kommerziell akzeptablen Mitteln zu sch\u00fctzen. Bedenken Sie jedoch, dass keine Methode der \u00dcbertragung \u00fcber das Internet oder Methode der elektronischen Speicherung 100 % sicher und zuverl\u00e4ssig ist und wir keine absolute Sicherheit garantieren k\u00f6nnen. Es ist auch Ihre Aufgabe, Ihre Daten zu sch\u00fctzen und Ihre pers\u00f6nlichen Daten beispielsweise nicht \u00fcber \u00f6ffentliches WLAN zu \u00fcbertragen.<\/p>\t\t\t\t\t\t\t\t<\/div>\n\t\t\t\t<div class=\"elementor-element elementor-element-92589d2 elementor-widget elementor-widget-heading\" data-id=\"92589d2\" data-element_type=\"widget\" data-e-type=\"widget\" data-widget_type=\"heading.default\">\n\t\t\t\t\t<h2 class=\"elementor-heading-title elementor-size-default\">Kinder <span style=\"color:#4f9a45\"> Privatsph\u00e4re<\/h2>\t\t\t\t<\/div>\n\t\t\t\t<div class=\"elementor-element elementor-element-b16fbcf elementor-widget elementor-widget-text-editor\" data-id=\"b16fbcf\" data-element_type=\"widget\" data-e-type=\"widget\" data-widget_type=\"text-editor.default\">\n\t\t\t\t\t\t\t\t\t<p>Unsere Dienste richten sich nicht an Personen unter 13 Jahren. Wir erfassen wissentlich keine personenbezogenen Daten von Kindern unter 13 Jahren. Falls wir feststellen, dass ein Kind unter 13 Jahren uns personenbezogene Daten \u00fcbermittelt hat, l\u00f6schen wir diese umgehend von unseren Servern. Wenn Sie ein Elternteil oder Erziehungsberechtigter sind und wissen, dass Ihr Kind uns personenbezogene Daten \u00fcbermittelt hat, kontaktieren Sie uns bitte, damit wir die erforderlichen Ma\u00dfnahmen ergreifen k\u00f6nnen.<\/p>\t\t\t\t\t\t\t\t<\/div>\n\t\t\t\t<div class=\"elementor-element elementor-element-1e8f947 elementor-widget elementor-widget-heading\" data-id=\"1e8f947\" data-element_type=\"widget\" data-e-type=\"widget\" data-widget_type=\"heading.default\">\n\t\t\t\t\t<h2 class=\"elementor-heading-title elementor-size-default\">\u00c4nderungen an diesem <span style=\"color:#4f9a45\"> Datenschutzrichtlinie<\/h2>\t\t\t\t<\/div>\n\t\t\t\t<div class=\"elementor-element elementor-element-bccbb42 elementor-widget elementor-widget-text-editor\" data-id=\"bccbb42\" data-element_type=\"widget\" data-e-type=\"widget\" data-widget_type=\"text-editor.default\">\n\t\t\t\t\t\t\t\t\t<p>Wir k\u00f6nnen unsere Datenschutzrichtlinie von Zeit zu Zeit aktualisieren. Daher empfehlen wir Ihnen, diese Seite regelm\u00e4\u00dfig auf \u00c4nderungen zu \u00fcberpr\u00fcfen. Wir werden Sie \u00fcber alle \u00c4nderungen informieren, indem wir die neue Datenschutzrichtlinie auf dieser Seite ver\u00f6ffentlichen. Diese \u00c4nderungen werden sofort wirksam, nachdem sie auf dieser Seite ver\u00f6ffentlicht wurden.<\/p>\t\t\t\t\t\t\t\t<\/div>\n\t\t\t\t<div class=\"elementor-element elementor-element-ee1b7c9 elementor-widget elementor-widget-heading\" data-id=\"ee1b7c9\" data-element_type=\"widget\" data-e-type=\"widget\" data-widget_type=\"heading.default\">\n\t\t\t\t\t<h2 class=\"elementor-heading-title elementor-size-default\">Kontakt<span style=\"color:#4f9a45\">  Uns<\/h2>\t\t\t\t<\/div>\n\t\t\t\t<div class=\"elementor-element elementor-element-8355f3a elementor-widget elementor-widget-text-editor\" data-id=\"8355f3a\" data-element_type=\"widget\" data-e-type=\"widget\" data-widget_type=\"text-editor.default\">\n\t\t\t\t\t\t\t\t\tWenn Sie Fragen oder Anregungen zu unserer Datenschutzrichtlinie haben, z\u00f6gern Sie nicht, uns unter <a style=\"color: #4F9A45;\" href=\"mailto:support@bitcoin-future.exchange\">support@bitcoin-future.exchange<\/a>\t\t\t\t\t\t\t\t<\/div>\n\t\t\t\t<div class=\"elementor-element elementor-element-8c55f4f elementor-widget elementor-widget-spacer\" data-id=\"8c55f4f\" data-element_type=\"widget\" data-e-type=\"widget\" data-widget_type=\"spacer.default\">\n\t\t\t\t\t\t\t<div class=\"elementor-spacer\">\n\t\t\t<div class=\"elementor-spacer-inner\"><\/div>\n\t\t<\/div>\n\t\t\t\t\t\t<\/div>\n\t\t\t\t\t<\/div>\n\t\t\t\t<\/div>\n\t\t\t\t<\/div>","protected":false},"excerpt":{"rendered":"<p>PRIVACY POLICY Bitcoin Future operates the https:\/\/bitcoin-future.exchange website, which provides the SERVICE. This page is used to inform website visitors regarding our policies with the collection, use, and disclosure of Personal Information if anyone decided to use our Service, the Bitcoin Future website. If you choose to use our Service, then you agree to the [&hellip;]<\/p>\n","protected":false},"author":1,"featured_media":0,"parent":0,"menu_order":0,"comment_status":"closed","ping_status":"closed","template":"elementor_header_footer","meta":{"footnotes":""},"class_list":["post-104","page","type-page","status-publish","hentry"],"_links":{"self":[{"href":"https:\/\/bitcoin-future.exchange\/de_ch\/wp-json\/wp\/v2\/pages\/104","targetHints":{"allow":["GET"]}}],"collection":[{"href":"https:\/\/bitcoin-future.exchange\/de_ch\/wp-json\/wp\/v2\/pages"}],"about":[{"href":"https:\/\/bitcoin-future.exchange\/de_ch\/wp-json\/wp\/v2\/types\/page"}],"author":[{"embeddable":true,"href":"https:\/\/bitcoin-future.exchange\/de_ch\/wp-json\/wp\/v2\/users\/1"}],"replies":[{"embeddable":true,"href":"https:\/\/bitcoin-future.exchange\/de_ch\/wp-json\/wp\/v2\/comments?post=104"}],"version-history":[{"count":0,"href":"https:\/\/bitcoin-future.exchange\/de_ch\/wp-json\/wp\/v2\/pages\/104\/revisions"}],"wp:attachment":[{"href":"https:\/\/bitcoin-future.exchange\/de_ch\/wp-json\/wp\/v2\/media?parent=104"}],"curies":[{"name":"wp","href":"https:\/\/api.w.org\/{rel}","templated":true}]}}