{"id":102,"date":"2023-10-05T12:07:45","date_gmt":"2023-10-05T12:07:45","guid":{"rendered":"https:\/\/bitcoin-future.exchange\/?page_id=102"},"modified":"2025-05-30T10:59:55","modified_gmt":"2025-05-30T10:59:55","slug":"geschaftsbedingungen-2","status":"publish","type":"page","link":"https:\/\/bitcoin-future.exchange\/de_ch\/terms-and-conditions\/","title":{"rendered":"Gesch\u00e4ftsbedingungen"},"content":{"rendered":"<div data-elementor-type=\"wp-page\" data-elementor-id=\"102\" class=\"elementor elementor-102\" data-elementor-post-type=\"page\">\n\t\t\t\t<div class=\"elementor-element elementor-element-903c884 e-flex e-con-boxed e-con e-parent\" data-id=\"903c884\" data-element_type=\"container\" data-e-type=\"container\" data-settings=\"{&quot;background_background&quot;:&quot;classic&quot;}\">\n\t\t\t\t\t<div class=\"e-con-inner\">\n\t\t\t\t<div class=\"elementor-element elementor-element-7ee0b04 elementor-widget elementor-widget-heading\" data-id=\"7ee0b04\" data-element_type=\"widget\" data-e-type=\"widget\" data-widget_type=\"heading.default\">\n\t\t\t\t\t<h1 class=\"elementor-heading-title elementor-size-default\">AGB <span style=\"color:#4f9a45\"> BEDINGUNGEN<\/h1>\t\t\t\t<\/div>\n\t\t\t\t\t<\/div>\n\t\t\t\t<\/div>\n\t\t<div class=\"elementor-element elementor-element-2fd321e e-flex e-con-boxed e-con e-parent\" data-id=\"2fd321e\" data-element_type=\"container\" data-e-type=\"container\" data-settings=\"{&quot;background_background&quot;:&quot;classic&quot;}\">\n\t\t\t\t\t<div class=\"e-con-inner\">\n\t\t\t\t<div class=\"elementor-element elementor-element-114ab35 elementor-widget elementor-widget-heading\" data-id=\"114ab35\" data-element_type=\"widget\" data-e-type=\"widget\" data-widget_type=\"heading.default\">\n\t\t\t\t\t<h2 class=\"elementor-heading-title elementor-size-default\">Einf\u00fchrung<span style=\"color:#4f9a45\">auktion<\/h2>\t\t\t\t<\/div>\n\t\t\t\t<div class=\"elementor-element elementor-element-8f9e902 elementor-widget elementor-widget-text-editor\" data-id=\"8f9e902\" data-element_type=\"widget\" data-e-type=\"widget\" data-widget_type=\"text-editor.default\">\n\t\t\t\t\t\t\t\t\t<p>Diese auf dieser Webseite aufgef\u00fchrten Website-Standardbedingungen regeln Ihre Nutzung unserer Website. <strong>Bitcoin Future<\/strong> erreichbar unter <a style=\"color: #4f9a45;\" href=\"https:\/\/bitcoin-future.exchange\/de_ch\/\">https:\/\/bitcoin-future.exchange<\/a><\/p><p>Diese Bedingungen gelten in vollem Umfang und betreffen Ihre Nutzung dieser Website. Durch die Nutzung dieser Website erkl\u00e4ren Sie sich mit allen hier aufgef\u00fchrten Bedingungen einverstanden. Sie d\u00fcrfen diese Website nicht nutzen, wenn Sie mit diesen Allgemeinen Gesch\u00e4ftsbedingungen nicht einverstanden sind.<\/p>\t\t\t\t\t\t\t\t<\/div>\n\t\t\t\t<div class=\"elementor-element elementor-element-a12615a elementor-widget elementor-widget-heading\" data-id=\"a12615a\" data-element_type=\"widget\" data-e-type=\"widget\" data-widget_type=\"heading.default\">\n\t\t\t\t\t<h2 class=\"elementor-heading-title elementor-size-default\">Intellektuell <span style=\"color:#4f9a45\"> Eigentumsrechte<\/h2>\t\t\t\t<\/div>\n\t\t\t\t<div class=\"elementor-element elementor-element-acdc048 elementor-widget elementor-widget-text-editor\" data-id=\"acdc048\" data-element_type=\"widget\" data-e-type=\"widget\" data-widget_type=\"text-editor.default\">\n\t\t\t\t\t\t\t\t\t<p>Abgesehen von den Inhalten, die Ihnen gem\u00e4\u00df diesen Bedingungen geh\u00f6ren, <strong>Bitcoin Future<\/strong> und\/oder seine Lizenzgeber besitzen alle geistigen Eigentumsrechte und Materialien, die auf dieser Website enthalten sind.<\/p><p>Der Zugriff ist ausschlie\u00dflich zum Zwecke der Einsichtnahme in die auf dieser Website enthaltenen Materialien, insbesondere zur Nutzung der Software\/Anwendung, gestattet. <strong>Bitcoin Future<\/strong> erreichbar unter <a style=\"color: #4f9a45;\" href=\"https:\/\/bitcoin-future.exchange\/de_ch\/\">https:\/\/bitcoin-future.exchange\u00a0<\/a><\/p>\t\t\t\t\t\t\t\t<\/div>\n\t\t\t\t<div class=\"elementor-element elementor-element-124807d elementor-widget elementor-widget-heading\" data-id=\"124807d\" data-element_type=\"widget\" data-e-type=\"widget\" data-widget_type=\"heading.default\">\n\t\t\t\t\t<h2 class=\"elementor-heading-title elementor-size-default\">Restri<span style=\"color:#4f9a45\">ktionen<\/h2>\t\t\t\t<\/div>\n\t\t\t\t<div class=\"elementor-element elementor-element-4766d63 elementor-widget elementor-widget-text-editor\" data-id=\"4766d63\" data-element_type=\"widget\" data-e-type=\"widget\" data-widget_type=\"text-editor.default\">\n\t\t\t\t\t\t\t\t\t<p>Folgendes ist Ihnen ausdr\u00fccklich untersagt:<\/p><ul><li>Ver\u00f6ffentlichung von Website-Material in anderen Medien;<\/li><li>Verkauf, Unterlizenzierung und\/oder sonstige Kommerzialisierung von Website-Material;<\/li><li>\u00f6ffentliches Auff\u00fchren und\/oder Vorf\u00fchren von Website-Material;<\/li><li>diese Website in einer Weise zu nutzen, die dieser Website schadet oder schaden k\u00f6nnte;<\/li><li>diese Website in einer Weise zu nutzen, die den Benutzerzugriff auf diese Website beeintr\u00e4chtigt;<\/li><li>die Nutzung dieser Website entgegen geltenden Gesetzen und Vorschriften oder in irgendeiner Weise, die der Website oder einer nat\u00fcrlichen oder gesch\u00e4ftlichen Einheit Schaden zuf\u00fcgen kann;<\/li><li>Durchf\u00fchrung von Data Mining, Datenerhebung, Datenextraktion oder anderen \u00e4hnlichen Aktivit\u00e4ten in Bezug auf diese Website;<\/li><\/ul><p>Bestimmte Bereiche dieser Website sind f\u00fcr Sie nicht zug\u00e4nglich und <strong>Bitcoin Future<\/strong> kann Ihren Zugriff auf alle Bereiche dieser Website jederzeit nach eigenem Ermessen weiter einschr\u00e4nken. Ihre Benutzerkennung, E-Mail-Adresse und Ihr Passwort f\u00fcr diese Website sind vertraulich und m\u00fcssen von Ihnen ebenfalls vertraulich behandelt werden.<\/p>\t\t\t\t\t\t\t\t<\/div>\n\t\t\t\t<div class=\"elementor-element elementor-element-35c8115 elementor-widget elementor-widget-heading\" data-id=\"35c8115\" data-element_type=\"widget\" data-e-type=\"widget\" data-widget_type=\"heading.default\">\n\t\t\t\t\t<h2 class=\"elementor-heading-title elementor-size-default\">Dein <span style=\"color:#4f9a45\"> Inhalt<\/h2>\t\t\t\t<\/div>\n\t\t\t\t<div class=\"elementor-element elementor-element-d610de7 elementor-widget elementor-widget-text-editor\" data-id=\"d610de7\" data-element_type=\"widget\" data-e-type=\"widget\" data-widget_type=\"text-editor.default\">\n\t\t\t\t\t\t\t\t\t<p>In diesen Allgemeinen Gesch\u00e4ftsbedingungen der Website bezeichnet \u201eIhre Inhalte\u201c Ihre Kontodaten mit <strong>Bitcoin Future<\/strong>\u201eIhr Content TP\u201c bezeichnet Ihre Konten bei den Drittanbietern, die mit Bitcoin Future verbunden sind.<\/p><p>Durch die Registrierung auf <strong>Bitcoin Future<\/strong> Mit \u201eIhren Inhalten\u201c gew\u00e4hren Sie Bitcoin Future Zugriff auf \u201eIhre Inhalte\u201c und gew\u00e4hren Bitcoin Future eine Kopie\/\u00dcbertragung \u201eIhrer Inhalte\u201c an einen der Drittpartner.<\/p><p>Durch Ihre Aktivit\u00e4t auf <strong>Bitcoin Future<\/strong>, Sie gew\u00e4hren <strong>Bitcoin Future<\/strong> Zugriff auf \u201eIhren Inhalt TP\u201c erhalten Sie von Bitcoin Future, indem Sie es auffordern\/autorisieren, Ihren \u201eIhren Inhalt TP\u201c zu reproduzieren\/auf Grundlage Ihres \u201eIhren Inhalts TP\u201c zu handeln.<\/p><p><strong>Bitcoin Future<\/strong> wird von Natur aus jederzeit Zugriff auf \u201eIhre Inhalte\u201c gew\u00e4hrt, w\u00e4hrend der Zugriff auf \u201eIhre Inhalte TP\u201c nur von Ihnen gew\u00e4hrt wird, wenn Sie mit Bitcoin Future verbunden sind bei <a style=\"color: #4f9a45;\" href=\"https:\/\/bitcoin-future.exchange\/de_ch\/\">https:\/\/bitcoin-future.exchange<\/a><\/p><p>\u201eIhre Inhalte\u201c k\u00f6nnen jederzeit entfernt werden \u00fcber <strong>Bitcoin Future<\/strong> Schnittstelle. \u201eIhre Inhalte TP\u201c k\u00f6nnen \u00fcber die jeweilige Website des Drittanbieterpartners entfernt werden. <strong>Bitcoin Future<\/strong> beh\u00e4lt sich das Recht vor, Ihre Inhalte jederzeit und ohne Vorank\u00fcndigung zu entfernen.<\/p>\t\t\t\t\t\t\t\t<\/div>\n\t\t\t\t<div class=\"elementor-element elementor-element-f28a365 elementor-widget elementor-widget-heading\" data-id=\"f28a365\" data-element_type=\"widget\" data-e-type=\"widget\" data-widget_type=\"heading.default\">\n\t\t\t\t\t<h2 class=\"elementor-heading-title elementor-size-default\">NEIN <span style=\"color:#4f9a45\"> Garantien<\/h2>\t\t\t\t<\/div>\n\t\t\t\t<div class=\"elementor-element elementor-element-a2070a3 elementor-widget elementor-widget-text-editor\" data-id=\"a2070a3\" data-element_type=\"widget\" data-e-type=\"widget\" data-widget_type=\"text-editor.default\">\n\t\t\t\t\t\t\t\t\t<p>Diese Website wird \u201ewie besehen\u201c mit allen Fehlern bereitgestellt und <strong>Bitcoin Future<\/strong> Wir geben keinerlei Zusicherungen oder Gew\u00e4hrleistungen in Bezug auf diese Website oder die auf dieser Website enthaltenen Materialien ab. Dar\u00fcber hinaus darf der Inhalt dieser Website nicht als Beratung f\u00fcr Sie ausgelegt werden.<\/p>\t\t\t\t\t\t\t\t<\/div>\n\t\t\t\t<div class=\"elementor-element elementor-element-2a1191b elementor-widget elementor-widget-heading\" data-id=\"2a1191b\" data-element_type=\"widget\" data-e-type=\"widget\" data-widget_type=\"heading.default\">\n\t\t\t\t\t<h2 class=\"elementor-heading-title elementor-size-default\">Einschr\u00e4nkung<span style=\"color:#4f9a45\">  Haftung<\/h2>\t\t\t\t<\/div>\n\t\t\t\t<div class=\"elementor-element elementor-element-c60c4e6 elementor-widget elementor-widget-text-editor\" data-id=\"c60c4e6\" data-element_type=\"widget\" data-e-type=\"widget\" data-widget_type=\"text-editor.default\">\n\t\t\t\t\t\t\t\t\t<p>In keinem Fall <strong>Bitcoin Future<\/strong>, noch einer seiner leitenden Angestellten, Direktoren oder Mitarbeiter, haftet f\u00fcr irgendetwas, das sich aus Ihrer Nutzung dieser Website ergibt oder in irgendeiner Weise damit zusammenh\u00e4ngt, unabh\u00e4ngig davon, ob eine solche Haftung vertraglich geregelt ist. <strong>Bitcoin Future<\/strong>, einschlie\u00dflich seiner leitenden Angestellten, Direktoren und Mitarbeiter, haftet nicht f\u00fcr indirekte, Folge- oder besondere Haftungen, die sich aus Ihrer Nutzung dieser Website ergeben oder in irgendeiner Weise damit zusammenh\u00e4ngen.<\/p>\t\t\t\t\t\t\t\t<\/div>\n\t\t\t\t<div class=\"elementor-element elementor-element-61aeb4d elementor-widget elementor-widget-heading\" data-id=\"61aeb4d\" data-element_type=\"widget\" data-e-type=\"widget\" data-widget_type=\"heading.default\">\n\t\t\t\t\t<h2 class=\"elementor-heading-title elementor-size-default\">Entsch\u00e4digen<span style=\"color:#4f9a45\">Kation<\/h2>\t\t\t\t<\/div>\n\t\t\t\t<div class=\"elementor-element elementor-element-640166a elementor-widget elementor-widget-text-editor\" data-id=\"640166a\" data-element_type=\"widget\" data-e-type=\"widget\" data-widget_type=\"text-editor.default\">\n\t\t\t\t\t\t\t\t\t<p>Sie entsch\u00e4digen hiermit im vollen Umfang <strong>Bitcoin Future<\/strong> von und gegen jegliche und\/oder alle Verbindlichkeiten, Kosten, Forderungen, Klagegr\u00fcnde, Sch\u00e4den und Ausgaben, die in irgendeiner Weise im Zusammenhang mit Ihrem Versto\u00df gegen eine der Bestimmungen dieser Bedingungen entstehen.<\/p>\t\t\t\t\t\t\t\t<\/div>\n\t\t\t\t<div class=\"elementor-element elementor-element-545c1c6 elementor-widget elementor-widget-heading\" data-id=\"545c1c6\" data-element_type=\"widget\" data-e-type=\"widget\" data-widget_type=\"heading.default\">\n\t\t\t\t\t<h2 class=\"elementor-heading-title elementor-size-default\">Trennen<span style=\"color:#4f9a45\">F\u00e4higkeit<\/h2>\t\t\t\t<\/div>\n\t\t\t\t<div class=\"elementor-element elementor-element-16900bd elementor-widget elementor-widget-text-editor\" data-id=\"16900bd\" data-element_type=\"widget\" data-e-type=\"widget\" data-widget_type=\"text-editor.default\">\n\t\t\t\t\t\t\t\t\t<p>Sollte sich eine Bestimmung dieser Bedingungen gem\u00e4\u00df geltendem Recht als ung\u00fcltig erweisen, wird diese Bestimmung gel\u00f6scht, ohne dass die \u00fcbrigen Bestimmungen hiervon ber\u00fchrt werden.<\/p>\t\t\t\t\t\t\t\t<\/div>\n\t\t\t\t<div class=\"elementor-element elementor-element-18d24d5 elementor-widget elementor-widget-heading\" data-id=\"18d24d5\" data-element_type=\"widget\" data-e-type=\"widget\" data-widget_type=\"heading.default\">\n\t\t\t\t\t<h2 class=\"elementor-heading-title elementor-size-default\">Variation <span style=\"color:#4f9a45\"> der Bedingungen<\/h2>\t\t\t\t<\/div>\n\t\t\t\t<div class=\"elementor-element elementor-element-9492792 elementor-widget elementor-widget-text-editor\" data-id=\"9492792\" data-element_type=\"widget\" data-e-type=\"widget\" data-widget_type=\"text-editor.default\">\n\t\t\t\t\t\t\t\t\t<p><strong>Bitcoin Future<\/strong> ist berechtigt, diese Bedingungen jederzeit nach eigenem Ermessen zu \u00fcberarbeiten, und durch die Nutzung dieser Website wird von Ihnen erwartet, dass Sie diese Bedingungen regelm\u00e4\u00dfig \u00fcberpr\u00fcfen.<\/p>\t\t\t\t\t\t\t\t<\/div>\n\t\t\t\t<div class=\"elementor-element elementor-element-2aec74b elementor-widget elementor-widget-heading\" data-id=\"2aec74b\" data-element_type=\"widget\" data-e-type=\"widget\" data-widget_type=\"heading.default\">\n\t\t\t\t\t<h2 class=\"elementor-heading-title elementor-size-default\">Assig<span style=\"color:#4f9a45\">nment<\/h2>\t\t\t\t<\/div>\n\t\t\t\t<div class=\"elementor-element elementor-element-b48fe64 elementor-widget elementor-widget-text-editor\" data-id=\"b48fe64\" data-element_type=\"widget\" data-e-type=\"widget\" data-widget_type=\"text-editor.default\">\n\t\t\t\t\t\t\t\t\t<p>The <strong>Bitcoin Future<\/strong> ist berechtigt, seine Rechte und\/oder Pflichten aus diesen Bedingungen ohne vorherige Ank\u00fcndigung abzutreten, zu \u00fcbertragen und an Dritte weiterzugeben. Ihnen ist jedoch die Abtretung, \u00dcbertragung oder Weitergabe Ihrer Rechte und\/oder Pflichten aus diesen Bedingungen nicht gestattet.<\/p>\t\t\t\t\t\t\t\t<\/div>\n\t\t\t\t<div class=\"elementor-element elementor-element-d1b43f5 elementor-widget elementor-widget-heading\" data-id=\"d1b43f5\" data-element_type=\"widget\" data-e-type=\"widget\" data-widget_type=\"heading.default\">\n\t\t\t\t\t<h2 class=\"elementor-heading-title elementor-size-default\">Gesamte <span style=\"color:#4f9a45\"> Vereinbarung<\/h2>\t\t\t\t<\/div>\n\t\t\t\t<div class=\"elementor-element elementor-element-e6aba6f elementor-widget elementor-widget-text-editor\" data-id=\"e6aba6f\" data-element_type=\"widget\" data-e-type=\"widget\" data-widget_type=\"text-editor.default\">\n\t\t\t\t\t\t\t\t\t<p>Diese Bedingungen stellen die gesamte Vereinbarung zwischen <strong>Bitcoin Future<\/strong> und Ihnen in Bezug auf Ihre Nutzung dieser Website und ersetzen alle vorherigen Vereinbarungen und Absprachen.<\/p>\t\t\t\t\t\t\t\t<\/div>\n\t\t\t\t<div class=\"elementor-element elementor-element-b3dceb7 elementor-widget elementor-widget-heading\" data-id=\"b3dceb7\" data-element_type=\"widget\" data-e-type=\"widget\" data-widget_type=\"heading.default\">\n\t\t\t\t\t<h2 class=\"elementor-heading-title elementor-size-default\">Eingeschr\u00e4nkt <span style=\"color:#4f9a45\"> L\u00e4nder<\/h2>\t\t\t\t<\/div>\n\t\t\t\t<div class=\"elementor-element elementor-element-4184b05 elementor-widget elementor-widget-text-editor\" data-id=\"4184b05\" data-element_type=\"widget\" data-e-type=\"widget\" data-widget_type=\"text-editor.default\">\n\t\t\t\t\t\t\t\t\t<p><strong>Bitcoin Future<\/strong>\u00a0Der Zugriff ist auf Einwohner dieser L\u00e4nder beschr\u00e4nkt: Afghanistan, Algerien, Belgien, Tschad, Frankreich, Iran, Irak, Israel, Korea, Libyen, Mali, Marokko, Pal\u00e4stina, Syrien, Tunesien, Vereinigte Staaten, Jemen<\/p>\t\t\t\t\t\t\t\t<\/div>\n\t\t\t\t<div class=\"elementor-element elementor-element-2767afe elementor-widget elementor-widget-heading\" data-id=\"2767afe\" data-element_type=\"widget\" data-e-type=\"widget\" data-widget_type=\"heading.default\">\n\t\t\t\t\t<h2 class=\"elementor-heading-title elementor-size-default\">Geltendes Recht <span style=\"color:#4f9a45\"> &amp; Gerichtsstand<\/h2>\t\t\t\t<\/div>\n\t\t\t\t<div class=\"elementor-element elementor-element-920da68 elementor-widget elementor-widget-text-editor\" data-id=\"920da68\" data-element_type=\"widget\" data-e-type=\"widget\" data-widget_type=\"text-editor.default\">\n\t\t\t\t\t\t\t\t\t<p>Diese Bedingungen unterliegen den gesetzlichen Bestimmungen und werden entsprechend ausgelegt. Zur Beilegung etwaiger Streitigkeiten unterwerfen Sie sich der nicht ausschlie\u00dflichen Gerichtsbarkeit der Staats- und Bundesgerichte Ihres Landes.<\/p>\t\t\t\t\t\t\t\t<\/div>\n\t\t\t\t<div class=\"elementor-element elementor-element-1cec641 elementor-widget elementor-widget-spacer\" data-id=\"1cec641\" data-element_type=\"widget\" data-e-type=\"widget\" data-widget_type=\"spacer.default\">\n\t\t\t\t\t\t\t<div class=\"elementor-spacer\">\n\t\t\t<div class=\"elementor-spacer-inner\"><\/div>\n\t\t<\/div>\n\t\t\t\t\t\t<\/div>\n\t\t\t\t\t<\/div>\n\t\t\t\t<\/div>\n\t\t\t\t<\/div>","protected":false},"excerpt":{"rendered":"<p>TERMS AND CONDITIONS Introduction These Website Standard Terms and Conditions written on this webpage shall manage your use of our website, Bitcoin Future accessible at https:\/\/bitcoin-future.exchange These Terms will be applied fully and affect to your use of this Website. By using this Website, you agreed to accept all terms and conditions written in here. [&hellip;]<\/p>\n","protected":false},"author":1,"featured_media":0,"parent":0,"menu_order":0,"comment_status":"closed","ping_status":"closed","template":"elementor_header_footer","meta":{"footnotes":""},"class_list":["post-102","page","type-page","status-publish","hentry"],"_links":{"self":[{"href":"https:\/\/bitcoin-future.exchange\/de_ch\/wp-json\/wp\/v2\/pages\/102","targetHints":{"allow":["GET"]}}],"collection":[{"href":"https:\/\/bitcoin-future.exchange\/de_ch\/wp-json\/wp\/v2\/pages"}],"about":[{"href":"https:\/\/bitcoin-future.exchange\/de_ch\/wp-json\/wp\/v2\/types\/page"}],"author":[{"embeddable":true,"href":"https:\/\/bitcoin-future.exchange\/de_ch\/wp-json\/wp\/v2\/users\/1"}],"replies":[{"embeddable":true,"href":"https:\/\/bitcoin-future.exchange\/de_ch\/wp-json\/wp\/v2\/comments?post=102"}],"version-history":[{"count":0,"href":"https:\/\/bitcoin-future.exchange\/de_ch\/wp-json\/wp\/v2\/pages\/102\/revisions"}],"wp:attachment":[{"href":"https:\/\/bitcoin-future.exchange\/de_ch\/wp-json\/wp\/v2\/media?parent=102"}],"curies":[{"name":"wp","href":"https:\/\/api.w.org\/{rel}","templated":true}]}}