{"id":1570,"date":"2025-01-10T11:35:32","date_gmt":"2025-01-10T11:35:32","guid":{"rendered":"https:\/\/bitcoin-future.exchange\/?page_id=1570"},"modified":"2025-12-31T07:46:55","modified_gmt":"2025-12-31T07:46:55","slug":"uber-uns","status":"publish","type":"page","link":"https:\/\/bitcoin-future.exchange\/de\/about-us\/","title":{"rendered":"\u00dcBER UNS"},"content":{"rendered":"<div data-elementor-type=\"wp-page\" data-elementor-id=\"1570\" class=\"elementor elementor-1570\" data-elementor-post-type=\"page\">\n\t\t\t\t<div class=\"elementor-element elementor-element-708308b e-flex e-con-boxed e-con e-parent\" data-id=\"708308b\" data-element_type=\"container\" data-e-type=\"container\" data-settings=\"{&quot;background_background&quot;:&quot;classic&quot;}\">\n\t\t\t\t\t<div class=\"e-con-inner\">\n\t\t\t\t<div class=\"elementor-element elementor-element-271ccd8 elementor-widget elementor-widget-heading\" data-id=\"271ccd8\" data-element_type=\"widget\" data-e-type=\"widget\" data-widget_type=\"heading.default\">\n\t\t\t\t\t<h1 class=\"elementor-heading-title elementor-size-default\">Wer W<span style=\"color:#4f9a45\">wir sind?<\/h1>\t\t\t\t<\/div>\n\t\t\t\t<div class=\"elementor-element elementor-element-befcf29 elementor-widget elementor-widget-text-editor\" data-id=\"befcf29\" data-element_type=\"widget\" data-e-type=\"widget\" data-widget_type=\"text-editor.default\">\n\t\t\t\t\t\t\t\t\t<p>Bei Bitcoin Future Exchange widmen wir uns der Umgestaltung der Finanzhandelslandschaft durch innovative Technologie. Unsere Plattform nutzt fortschrittliche KI, um den Handelsprozess zu vereinfachen und zu verbessern, sodass Benutzer intelligenter handeln und ihre finanziellen Ziele erreichen k\u00f6nnen.<\/p>\t\t\t\t\t\t\t\t<\/div>\n\t\t\t\t\t<\/div>\n\t\t\t\t<\/div>\n\t\t<div class=\"elementor-element elementor-element-a2a554a e-flex e-con-boxed e-con e-parent\" data-id=\"a2a554a\" data-element_type=\"container\" data-e-type=\"container\" data-settings=\"{&quot;background_background&quot;:&quot;classic&quot;}\">\n\t\t\t\t\t<div class=\"e-con-inner\">\n\t\t<div class=\"elementor-element elementor-element-5917c48 e-con-full e-flex e-con e-child\" data-id=\"5917c48\" data-element_type=\"container\" data-e-type=\"container\">\n\t\t\t\t<div class=\"elementor-element elementor-element-5d89962 elementor-widget elementor-widget-heading\" data-id=\"5d89962\" data-element_type=\"widget\" data-e-type=\"widget\" data-widget_type=\"heading.default\">\n\t\t\t\t\t<h2 class=\"elementor-heading-title elementor-size-default\">Unsere Vision f\u00fcr die<span style=\"color:#4f9a45\"> Zukunft des Handels<\/h2>\t\t\t\t<\/div>\n\t\t\t\t<div class=\"elementor-element elementor-element-58dcac0 elementor-widget__width-inherit elementor-widget elementor-widget-text-editor\" data-id=\"58dcac0\" data-element_type=\"widget\" data-e-type=\"widget\" data-widget_type=\"text-editor.default\">\n\t\t\t\t\t\t\t\t\t<p>Unsere Vision ist es, in der Finanztechnologie f\u00fchrend zu sein, indem wir KI-gest\u00fctzte Erkenntnisse liefern und das Handelserlebnis optimieren. Wir sind bestrebt, eine Plattform zu schaffen, auf der H\u00e4ndler aller Niveaus sicher auf den M\u00e4rkten navigieren und ihre Anlageziele mit geringerem Risiko und gr\u00f6\u00dferem Erfolg erreichen k\u00f6nnen.<\/p>\t\t\t\t\t\t\t\t<\/div>\n\t\t\t\t<\/div>\n\t\t<div class=\"elementor-element elementor-element-b7571c9 e-con-full e-flex e-con e-child\" data-id=\"b7571c9\" data-element_type=\"container\" data-e-type=\"container\">\n\t\t\t\t<div class=\"elementor-element elementor-element-3e3057b elementor-widget elementor-widget-heading\" data-id=\"3e3057b\" data-element_type=\"widget\" data-e-type=\"widget\" data-widget_type=\"heading.default\">\n\t\t\t\t\t<h2 class=\"elementor-heading-title elementor-size-default\">Ihre Sicherheit,<span style=\"color:#4f9a45\"> Unsere Priorit\u00e4t<\/h2>\t\t\t\t<\/div>\n\t\t\t\t<div class=\"elementor-element elementor-element-f4a1519 elementor-widget elementor-widget-text-editor\" data-id=\"f4a1519\" data-element_type=\"widget\" data-e-type=\"widget\" data-widget_type=\"text-editor.default\">\n\t\t\t\t\t\t\t\t\t<p>In der schnelllebigen Welt des digitalen Handels ist Sicherheit von gr\u00f6\u00dfter Bedeutung. Bitcoin Future Exchange verwendet hochmoderne Sicherheitsprotokolle, um Ihre pers\u00f6nlichen Daten und Ihr Anlagekapital zu sch\u00fctzen. Unsere robusten Ma\u00dfnahmen sorgen daf\u00fcr, dass Sie vertrauensvoll handeln k\u00f6nnen und wissen, dass Ihre Daten bei jedem Schritt gesch\u00fctzt sind.<\/p>\t\t\t\t\t\t\t\t<\/div>\n\t\t\t\t<\/div>\n\t\t\t\t\t<\/div>\n\t\t\t\t<\/div>\n\t\t<div class=\"elementor-element elementor-element-7c21648 e-flex e-con-boxed e-con e-parent\" data-id=\"7c21648\" data-element_type=\"container\" data-e-type=\"container\" data-settings=\"{&quot;background_background&quot;:&quot;classic&quot;}\">\n\t\t\t\t\t<div class=\"e-con-inner\">\n\t\t<div class=\"elementor-element elementor-element-266064a e-con-full e-flex e-con e-child\" data-id=\"266064a\" data-element_type=\"container\" data-e-type=\"container\">\n\t\t\t\t<div class=\"elementor-element elementor-element-cf22a67 elementor-widget elementor-widget-heading\" data-id=\"cf22a67\" data-element_type=\"widget\" data-e-type=\"widget\" data-widget_type=\"heading.default\">\n\t\t\t\t\t<h2 class=\"elementor-heading-title elementor-size-default\">Beginnen Sie mit dem Handel <span style=\"color:#4f9a45\">Reisen Sie mit uns<\/h2>\t\t\t\t<\/div>\n\t\t\t\t<div class=\"elementor-element elementor-element-b7ffd4d elementor-widget elementor-widget-text-editor\" data-id=\"b7ffd4d\" data-element_type=\"widget\" data-e-type=\"widget\" data-widget_type=\"text-editor.default\">\n\t\t\t\t\t\t\t\t\t<p>Egal, ob Sie neu im Handel sind oder ein erfahrener Investor, der seine Strategie verfeinern m\u00f6chte, Bitcoin Future Exchange unterst\u00fctzt Sie. Treten Sie einer wachsenden Community von H\u00e4ndlern bei, die die Zukunft des Kryptow\u00e4hrungshandels begr\u00fc\u00dfen. Mit Bitcoin Future Exchange handeln Sie nicht nur \u2013 Sie investieren in<\/p>\t\t\t\t\t\t\t\t<\/div>\n\t\t\t\t<div class=\"elementor-element elementor-element-8cff416 elementor-align-center elementor-widget elementor-widget-button\" data-id=\"8cff416\" data-element_type=\"widget\" data-e-type=\"widget\" data-widget_type=\"button.default\">\n\t\t\t\t\t\t\t\t\t\t<a class=\"elementor-button elementor-button-link elementor-size-sm elementor-animation-grow\" href=\"https:\/\/bitcoin-future.exchange\/de\/#form\">\n\t\t\t\t\t\t<span class=\"elementor-button-content-wrapper\">\n\t\t\t\t\t\t\t\t\t<span class=\"elementor-button-text\">Jetzt registrieren <\/span>\n\t\t\t\t\t<\/span>\n\t\t\t\t\t<\/a>\n\t\t\t\t\t\t\t\t<\/div>\n\t\t\t\t<\/div>\n\t\t\t\t\t<\/div>\n\t\t\t\t<\/div>\n\t\t\t\t<\/div>","protected":false},"excerpt":{"rendered":"<p>Who We Are? At Bitcoin Future Exchange, we are dedicated to transforming the financial trading landscape through innovative technology. Our platform leverages advanced AI to simplify and enhance the trading process, empowering users to trade smarter and achieve their financial aspirations. Our Vision for the Future of Trading Our vision is to lead the way [&hellip;]<\/p>\n","protected":false},"author":1,"featured_media":0,"parent":0,"menu_order":0,"comment_status":"closed","ping_status":"closed","template":"","meta":{"footnotes":""},"class_list":["post-1570","page","type-page","status-publish","hentry"],"_links":{"self":[{"href":"https:\/\/bitcoin-future.exchange\/de\/wp-json\/wp\/v2\/pages\/1570","targetHints":{"allow":["GET"]}}],"collection":[{"href":"https:\/\/bitcoin-future.exchange\/de\/wp-json\/wp\/v2\/pages"}],"about":[{"href":"https:\/\/bitcoin-future.exchange\/de\/wp-json\/wp\/v2\/types\/page"}],"author":[{"embeddable":true,"href":"https:\/\/bitcoin-future.exchange\/de\/wp-json\/wp\/v2\/users\/1"}],"replies":[{"embeddable":true,"href":"https:\/\/bitcoin-future.exchange\/de\/wp-json\/wp\/v2\/comments?post=1570"}],"version-history":[{"count":0,"href":"https:\/\/bitcoin-future.exchange\/de\/wp-json\/wp\/v2\/pages\/1570\/revisions"}],"wp:attachment":[{"href":"https:\/\/bitcoin-future.exchange\/de\/wp-json\/wp\/v2\/media?parent=1570"}],"curies":[{"name":"wp","href":"https:\/\/api.w.org\/{rel}","templated":true}]}}